{"id":113,"date":"2015-03-26T21:12:41","date_gmt":"2015-03-26T21:12:41","guid":{"rendered":"http:\/\/alexflucht.apps-1and1.net\/?page_id=113"},"modified":"2022-10-18T13:24:18","modified_gmt":"2022-10-18T13:24:18","slug":"musik-fuer-kids","status":"publish","type":"page","link":"https:\/\/alexflucht.net\/?page_id=113","title":{"rendered":"Musik f\u00fcr Kids"},"content":{"rendered":"<p>Seit \u00fcber 20 Jahren komponiert, produziert und singt Alex Flucht f\u00fcr<br \/>\n&#8222;Die Sendung mit der Maus&#8220; und &#8222;Die Sendung mit dem Elefanten&#8220; Lieder, Lach- und Sachgeschichten.<\/p>\n<p>&#8222;F\u00fcr Kinder Musik zu machen ist ein gro\u00dfer Spa\u00df, wenn man sie ernst nimmt!&#8220;<\/p>\n<div class=\"gmedia_gallery jq-mplayer_module is_bot\" id=\"GmediaGallery_16\" data-gmid=\"16\" data-module=\"jq-mplayer\"><style class='gmedia_module_style_import'>@import url('https:\/\/alexflucht.net\/wp-content\/plugins\/grand-media\/module\/jq-mplayer\/css\/style.css?v=2.13') all;<\/style>\t<script type=\"text\/javascript\">\n\t\t\tdocument.addEventListener( 'DOMContentLoaded', function() {\n\t\t\t\tjQuery( function() {\n\t\t\t\t\tvar settings = {\"ID\":\"16\",\"moduleUrl\":\"https:\\\/\\\/alexflucht.net\\\/wp-content\\\/plugins\\\/grand-media\\\/module\\\/jq-mplayer\",\"pluginUrl\":\"https:\\\/\\\/alexflucht.net\\\/wp-content\\\/plugins\\\/grand-media\",\"libraryUrl\":\"https:\\\/\\\/alexflucht.net\\\/wp-content\\\/grand-media\",\"ajaxurl\":\"https:\\\/\\\/alexflucht.net\\\/wp-admin\\\/admin-ajax.php\",\"ip\":\"21673216235\"};\n\t\t\t\t\tvar content = [{\"id\":\"94\",\"mp3\":\"https:\\\/\\\/alexflucht.net\\\/wp-content\\\/grand-media\\\/audio\\\/Tueren-auf-MIX-3005.mp3\",\"cover\":\"https:\\\/\\\/alexflucht.net\\\/wp-content\\\/grand-media\\\/image\\\/thumb\\\/Die-Maus.jpg\",\"title\":\"Tu\\u0308ren auf f\\u00fcr die Maus\",\"text\":\"<p>\\u201eTu\\u0308ren auf f\\u00fcr die Maus\\\"<\\\/p>\",\"button\":\"\",\"rating\":5,\"votes\":1},{\"id\":\"61\",\"mp3\":\"https:\\\/\\\/alexflucht.net\\\/wp-content\\\/grand-media\\\/audio\\\/GrosseElefanten.mp3\",\"cover\":\"https:\\\/\\\/alexflucht.net\\\/wp-content\\\/grand-media\\\/image\\\/thumb\\\/die-maus-und-ihre-freunde-112__v-standard644_eeb43c.jpg\",\"title\":\"Grosse Elefanten | ARD \",\"text\":\"\",\"button\":\"\",\"rating\":4.041666666666666,\"votes\":4},{\"id\":\"62\",\"mp3\":\"https:\\\/\\\/alexflucht.net\\\/wp-content\\\/grand-media\\\/audio\\\/Kaktus_0208.mp3\",\"cover\":\"https:\\\/\\\/alexflucht.net\\\/wp-content\\\/grand-media\\\/image\\\/thumb\\\/MausEle.jpg\",\"title\":\"Kaktusmann | ARD | Music\",\"text\":\"\",\"button\":\"\",\"rating\":6,\"votes\":2},{\"id\":\"56\",\"mp3\":\"https:\\\/\\\/alexflucht.net\\\/wp-content\\\/grand-media\\\/audio\\\/Regen1204.mp3\",\"cover\":\"https:\\\/\\\/alexflucht.net\\\/wp-content\\\/grand-media\\\/image\\\/thumb\\\/Die-Maus.jpg\",\"title\":\"Regen (Funny van Dannen Cover) | Music\",\"text\":\"\",\"button\":\"\",\"rating\":8.666666666666666,\"votes\":3},{\"id\":\"57\",\"mp3\":\"https:\\\/\\\/alexflucht.net\\\/wp-content\\\/grand-media\\\/audio\\\/Wir_gehen_zum_Strand_021213.mp3\",\"cover\":\"https:\\\/\\\/alexflucht.net\\\/wp-content\\\/grand-media\\\/image\\\/thumb\\\/EleHase.jpg\",\"title\":\"Ich mag dich | WDR \",\"text\":\"\",\"button\":\"\",\"rating\":5,\"votes\":1},{\"id\":\"54\",\"mp3\":\"https:\\\/\\\/alexflucht.net\\\/wp-content\\\/grand-media\\\/audio\\\/Henriette_Test_1212.mp3\",\"cover\":\"https:\\\/\\\/alexflucht.net\\\/wp-content\\\/grand-media\\\/image\\\/thumb\\\/Henriette.jpg\",\"title\":\"Henriette Bimmelbahn mit Anke Engelke | ARD | Music\",\"text\":\"\",\"button\":\"\",\"rating\":5,\"votes\":1}];\n\t\t\t\t\tjQuery( '#GmediaGallery_16' ).data( 'uid', '16' ).gmMusicPlayer( content, settings );\n\t\t\t\t} );\n\t\t\t} );\n\t<\/script>\n\t<\/div>\n","protected":false},"excerpt":{"rendered":"<p>Seit \u00fcber 20 Jahren komponiert, produziert und singt Alex Flucht f\u00fcr &#8222;Die Sendung mit der Maus&#8220; und &#8222;Die Sendung mit dem Elefanten&#8220; Lieder, Lach- und Sachgeschichten. &#8222;F\u00fcr Kinder Musik zu machen ist ein gro\u00dfer Spa\u00df, wenn man sie ernst nimmt!&#8220;<\/p>\n","protected":false},"author":1,"featured_media":0,"parent":15,"menu_order":2,"comment_status":"closed","ping_status":"open","template":"","meta":{"footnotes":""},"class_list":["post-113","page","type-page","status-publish","hentry"],"_links":{"self":[{"href":"https:\/\/alexflucht.net\/index.php?rest_route=\/wp\/v2\/pages\/113","targetHints":{"allow":["GET"]}}],"collection":[{"href":"https:\/\/alexflucht.net\/index.php?rest_route=\/wp\/v2\/pages"}],"about":[{"href":"https:\/\/alexflucht.net\/index.php?rest_route=\/wp\/v2\/types\/page"}],"author":[{"embeddable":true,"href":"https:\/\/alexflucht.net\/index.php?rest_route=\/wp\/v2\/users\/1"}],"replies":[{"embeddable":true,"href":"https:\/\/alexflucht.net\/index.php?rest_route=%2Fwp%2Fv2%2Fcomments&post=113"}],"version-history":[{"count":6,"href":"https:\/\/alexflucht.net\/index.php?rest_route=\/wp\/v2\/pages\/113\/revisions"}],"predecessor-version":[{"id":401,"href":"https:\/\/alexflucht.net\/index.php?rest_route=\/wp\/v2\/pages\/113\/revisions\/401"}],"up":[{"embeddable":true,"href":"https:\/\/alexflucht.net\/index.php?rest_route=\/wp\/v2\/pages\/15"}],"wp:attachment":[{"href":"https:\/\/alexflucht.net\/index.php?rest_route=%2Fwp%2Fv2%2Fmedia&parent=113"}],"curies":[{"name":"wp","href":"https:\/\/api.w.org\/{rel}","templated":true}]}}