{"id":81,"date":"2015-03-23T12:20:40","date_gmt":"2015-03-23T12:20:40","guid":{"rendered":"http:\/\/alexflucht.apps-1and1.net\/?page_id=81"},"modified":"2022-10-18T13:23:17","modified_gmt":"2022-10-18T13:23:17","slug":"filme","status":"publish","type":"page","link":"https:\/\/alexflucht.net\/?page_id=81","title":{"rendered":"Movies &#8211; short"},"content":{"rendered":"\n<p><\/p>\n\n\n<p>Eine kleine Auswahl von Filmen\/Serien mit meiner Musik<\/p>\n\n\n<p>ARD &#8222;Formic&#8220;<\/p>\n\n\n\n<figure class=\"wp-block-video\"><video height=\"270\" style=\"aspect-ratio: 480 \/ 270;\" width=\"480\" controls src=\"http:\/\/alexflucht.apps-1and1.net\/wp-content\/uploads\/2022\/10\/FORMIC_FLUCHT_ARD.mov\"><\/video><figcaption>Komposition \/ Musikproduktion \/ Sounddesign<\/figcaption><\/figure>\n\n\n\n<p><\/p>\n\n\n\n<p>Kino &#8222;POST!&#8220;<\/p>\n\n\n\n<figure class=\"wp-block-video\"><video height=\"480\" style=\"aspect-ratio: 640 \/ 480;\" width=\"640\" controls src=\"http:\/\/alexflucht.apps-1and1.net\/wp-content\/uploads\/2015\/03\/post-Movie-Abspann.mov\"><\/video><figcaption>Komposition &amp; Musikproduktion<\/figcaption><\/figure>\n\n\n\n<p><\/p>\n\n\n\n<p>RTL &#8222;Ich bin ein Star&#8220;<\/p>\n\n\n\n<figure class=\"wp-block-video\"><video height=\"180\" style=\"aspect-ratio: 320 \/ 180;\" width=\"320\" controls poster=\"http:\/\/alexflucht.apps-1and1.net\/wp-content\/uploads\/2015\/03\/sonja-daniel-tanzeinlage-b_img_308x0.jpg\" src=\"http:\/\/alexflucht.apps-1and1.net\/wp-content\/uploads\/2015\/03\/Ich-bin-ein-Star-Am-laufenden-Band.mov\"><\/video><figcaption>Komposition &amp; Musikproduktion<\/figcaption><\/figure>\n\n\n\n<p><\/p>\n\n\n\n<p>ARD &#8222;Nightwash&#8220;<\/p>\n\n\n\n<figure class=\"wp-block-video\"><video height=\"240\" style=\"aspect-ratio: 320 \/ 240;\" width=\"320\" controls poster=\"http:\/\/alexflucht.apps-1and1.net\/wp-content\/uploads\/2015\/03\/Alex-karte-2012-front_CMYK.jpg\" src=\"http:\/\/alexflucht.apps-1and1.net\/wp-content\/uploads\/2015\/03\/NW_Luzern_Trailer.mov\"><\/video><figcaption>Titelmusik<\/figcaption><\/figure>\n\n\n\n<p><\/p>\n\n\n\n<p>Er\u00f6ffnungsfilm &#8211; &#8222;Konferenz f\u00fcr Elektromobilit\u00e4t&#8220;<\/p>\n\n\n\n<figure class=\"wp-block-video\"><video height=\"270\" style=\"aspect-ratio: 480 \/ 270;\" width=\"480\" controls poster=\"http:\/\/alexflucht.apps-1and1.net\/wp-content\/uploads\/2015\/03\/Forum-Elektromobilitaet-Kongress-2013_rdax_800x533.png\" src=\"http:\/\/alexflucht.apps-1and1.net\/wp-content\/uploads\/2015\/03\/Eroeffnungsfilm_1.mov\"><\/video><\/figure>\n\n\n\n<p><\/p>\n\n\n\n<p>Die Sendung mit dem Elefanten &#8220; Kettenreaktion&#8220;<\/p>\n\n\n\n<figure class=\"wp-block-video\"><video height=\"270\" style=\"aspect-ratio: 480 \/ 270;\" width=\"480\" controls src=\"http:\/\/alexflucht.apps-1and1.net\/wp-content\/uploads\/2022\/10\/Elefanten_Konzert_Kettenreaktion_1_1.mov\"><\/video><figcaption>Komposition<\/figcaption><\/figure>\n","protected":false},"excerpt":{"rendered":"<p>Eine kleine Auswahl von Filmen\/Serien mit meiner Musik ARD &#8222;Formic&#8220; Kino &#8222;POST!&#8220; RTL &#8222;Ich bin ein Star&#8220; ARD &#8222;Nightwash&#8220; Er\u00f6ffnungsfilm &#8211; &#8222;Konferenz f\u00fcr Elektromobilit\u00e4t&#8220; Die Sendung mit dem Elefanten &#8220; Kettenreaktion&#8220;<\/p>\n","protected":false},"author":1,"featured_media":0,"parent":23,"menu_order":3,"comment_status":"closed","ping_status":"open","template":"","meta":{"footnotes":""},"class_list":["post-81","page","type-page","status-publish","hentry"],"_links":{"self":[{"href":"https:\/\/alexflucht.net\/index.php?rest_route=\/wp\/v2\/pages\/81","targetHints":{"allow":["GET"]}}],"collection":[{"href":"https:\/\/alexflucht.net\/index.php?rest_route=\/wp\/v2\/pages"}],"about":[{"href":"https:\/\/alexflucht.net\/index.php?rest_route=\/wp\/v2\/types\/page"}],"author":[{"embeddable":true,"href":"https:\/\/alexflucht.net\/index.php?rest_route=\/wp\/v2\/users\/1"}],"replies":[{"embeddable":true,"href":"https:\/\/alexflucht.net\/index.php?rest_route=%2Fwp%2Fv2%2Fcomments&post=81"}],"version-history":[{"count":12,"href":"https:\/\/alexflucht.net\/index.php?rest_route=\/wp\/v2\/pages\/81\/revisions"}],"predecessor-version":[{"id":523,"href":"https:\/\/alexflucht.net\/index.php?rest_route=\/wp\/v2\/pages\/81\/revisions\/523"}],"up":[{"embeddable":true,"href":"https:\/\/alexflucht.net\/index.php?rest_route=\/wp\/v2\/pages\/23"}],"wp:attachment":[{"href":"https:\/\/alexflucht.net\/index.php?rest_route=%2Fwp%2Fv2%2Fmedia&parent=81"}],"curies":[{"name":"wp","href":"https:\/\/api.w.org\/{rel}","templated":true}]}}